{"id":56,"date":"2024-03-21T13:10:54","date_gmt":"2024-03-21T13:10:54","guid":{"rendered":"https:\/\/beziehungs-klarheit.de\/?page_id=56"},"modified":"2024-04-24T10:58:18","modified_gmt":"2024-04-24T10:58:18","slug":"klarheit-und-entscheidungen-in-der-beziehung","status":"publish","type":"page","link":"https:\/\/dialogaryconstruir.com\/es\/klarheit-und-entscheidungen-in-der-beziehung\/","title":{"rendered":"Claridad y decisiones en la relaci\u00f3n"},"content":{"rendered":"<h2>No sabes en qu\u00e9 punto te encuentras actualmente en tu relaci\u00f3n y necesitas m\u00e1s claridad para enfrentarte a posibles se\u00f1ales de alarma.<\/h2>\n<p>A pesar de lo lindo que puede ser tu relaci\u00f3n, a menudo es muy dif\u00edcil con tu pareja y esto te hace dudar. Esa incertidumbre puede ser muy desagradable. Tal vez puedes observar varias se\u00f1ales de alarma, como discusiones repetidas e improductivas o negaci\u00f3n de tus sentimientos. No te sientes comprendida\/o y no sabes qu\u00e9 m\u00e1s decir. A menudo est\u00e1s sola\/o con este sentimiento y tu pareja no entiende cu\u00e1l es el problema.<\/p>\n<p>Al mismo tiempo, tienen muchos momentos bonitos que quieres conservar. Tienen planes y objetivos juntos. Quieres resolver para que las cosas contin\u00faen, pues has invertido energ\u00eda y tiempo en la relaci\u00f3n. As\u00ed que te enfrentas a la cuesti\u00f3n, de si puedes trabajar en la relaci\u00f3n para que funcione.<\/p>\n<p>&nbsp;<\/p>\n<h2>La causa del problema no suele ser el \"estr\u00e9s en el trabajo\"<\/h2>\n<p>Los conflictos en la relaci\u00f3n y las dudas no suelen deberse a las situaciones dif\u00edciles actuales (dificultades econ\u00f3micas, hijos, estr\u00e9s en el trabajo, etc.), sino a c\u00f3mo las afrontan.<\/p>\n<p>Por lo tanto, un paso importante en el asesoramiento ser\u00eda entender d\u00f3nde residen tus dudas. \u00bfSe trata de situaciones concretas para las que necesitas nuevas herramientas, o es m\u00e1s bien la din\u00e1mica de la relaci\u00f3n que te est\u00e1 perjudicando? Una crisis puede ser una oportunidad de crecimiento para una relaci\u00f3n o, por el contrario, dar claros indicios de que las cosas no pueden continuar. Reconocer la diferencia entre estas dos posibilidades no es tan f\u00e1cil.<\/p>\n<p>&nbsp;<\/p>\n<h2>Es importante saber exactamente en qu\u00e9 situaci\u00f3n te encuentras<\/h2>\n<p>Lo averiguaremos juntos en las primeras sesiones. Aunque hay muchas se\u00f1ales de alarma espec\u00edficas (banderas rojas), cada situaci\u00f3n es diferente y, para poder evaluarla correctamente, a veces necesitamos practicar nuevas herramientas y esperar los resultados.<\/p>\n<p>&nbsp;<\/p>\n<h2>El proceso de asesoramiento es co-constructivo<\/h2>\n<p>Las sesiones de asesoramiento consisten en facilitar nuevos conocimientos y perspectivas que te ayuden a comprender mejor tu situaci\u00f3n y a tomar decisiones.<\/p>\n<p>T\u00fa me cuentas tu situaci\u00f3n y lo que esperas de nuestras conversaciones. Yo hago preguntas concretas y comparto ideas y experiencias. As\u00ed se crea un di\u00e1logo fluido sobre tu situaci\u00f3n y se introducen nuevas ideas y posibilidades.<\/p>\n<p>Para m\u00ed es muy importante que obtengas la claridad que necesitas. Puedes preguntarme cualquier cosa y tambi\u00e9n cuestionar lo que digo. Quiero facilitar un espacio de intercambio que se adapte a tus necesidades personales.<\/p>\n<p>&nbsp;<\/p>\n<h2>Claridad tambi\u00e9n puede significar crisis<\/h2>\n<p>Siempre hay un momento de crisis durante los procesos de descubrimiento, porque las nuevas percepciones pueden ser inquietantes y hay que procesarlas primero. Esto es muy normal. Trabajamos a tu ritmo. Dependiendo de la situaci\u00f3n, este proceso puede completarse tras unas pocas sesiones, ya que puede que s\u00f3lo necesites un empuj\u00f3n para tomar una decisi\u00f3n.<\/p>\n<p>Pero tambi\u00e9n puede ocurrir que necesites tiempo para procesar la nueva informaci\u00f3n. Acompa\u00f1amos los sentimientos desagradables para que luego puedas practicar nuevas estrategias.<\/p>\n<p>&nbsp;<\/p>\n<h2>La pr\u00e1ctica hace al maestro<\/h2>\n<p>Aplicar lo que has aprendido en el asesoramiento es un proceso, un poco como aprender a andar. Con el tiempo aprendes a posicionarte de forma diferente, por ejemplo, empezando a poner l\u00edmites y a se\u00f1alar tus necesidades. No es tan f\u00e1cil, porque hay muchos miedos de por medio. Por eso lleva tiempo. Compartir regularmente tus \"ejercicios\" te ayudar\u00e1 a seguir en ello.<\/p>\n<p>&nbsp;<\/p>\n<h2>Una relaci\u00f3n no siempre puede salvarse<\/h2>\n<p>Cada posible resultado de nuestro proceso debe ser un paso en la direcci\u00f3n correcta para ti. Esto puede significar que encuentren soluciones conjuntas o que se den cuenta de que lo mejor es separarse. Una separaci\u00f3n muchas veces no es y no tiene que ser consensuada. S\u00f3lo hace falta una persona para tomar la decisi\u00f3n y ser esa persona requiere valor.<\/p>\n<p>&nbsp;<\/p>\n<h3>Lo importante ahora<\/h3>\n<p>Si estas buscando este asesoramiento, seguramente ya has probado muchas cosas y necesitas un cambio. Quieres asumir responsabilidad y est\u00e1s dispuesto a trabajar sobre ti. Por eso este proceso no consiste en reconocer todo que has hecho mal. M\u00e1s bien quiere ampliar la mirada para que puedas evaluarla mejor.<\/p>\n<p>Para eso ayuda empezar con curiosidad y el deseo de conocer. Que puedas cuestionar todo lo que has pensado hasta ahora, y que est\u00e9s dispuesto a considerar alternativas.<\/p>\n<p>&nbsp;<\/p>\n<h3>\u00bfPara iniciar una consulta a\u00fan tienes preguntas?<\/h3>\n<p>Durante una consulta inicial gratuita, dedicaremos 15 minutos a que describas brevemente tu situaci\u00f3n y expectativas. Tambi\u00e9n te dar\u00e1 la oportunidad de conocerme personalmente y saber c\u00f3mo te sientes en la reuni\u00f3n en l\u00ednea. Yo responder\u00e9 todas tus preguntas sobre el proceso.<\/p>\n<p>En funci\u00f3n de los s\u00edntomas que me describas, vemos si el asesoramiento en l\u00ednea es una alternativa en tu situaci\u00f3n o si ser\u00eda mejor un asesoramiento o tratamiento psicoterap\u00e9utico presencial.<\/p>\n<p>&nbsp;<\/p>","protected":false},"excerpt":{"rendered":"<p>Du wei\u00dft nicht, wo du gerade in deiner Beziehung stehst, und brauchst mehr Klarheit im Umgang mit vermeintlichen Warnsignalen. So gut wie du dich manchmal in deiner Beziehung f\u00fchlst, ist es oft auch sehr schwer mit deinem\/er Partner\/in, und das macht dich nachdenklich. Verunsicherung \u00fcber deine Beziehung kann sehr unangenehm sein. Vielleicht siehst du verschiedene [&hellip;]<\/p>","protected":false},"author":1,"featured_media":0,"parent":0,"menu_order":0,"comment_status":"closed","ping_status":"closed","template":"","meta":{"footnotes":""},"class_list":["post-56","page","type-page","status-publish","hentry"],"yoast_head":"<!-- This site is optimized with the Yoast SEO plugin v27.3 - https:\/\/yoast.com\/product\/yoast-seo-wordpress\/ -->\n<title>Klarheit und Entscheidungen in der Beziehung - Dorothee von St\u00f6sser<\/title>\n<meta name=\"robots\" content=\"index, follow, max-snippet:-1, max-image-preview:large, max-video-preview:-1\" \/>\n<link rel=\"canonical\" href=\"https:\/\/dialogaryconstruir.com\/es\/klarheit-und-entscheidungen-in-der-beziehung\/\" \/>\n<meta property=\"og:locale\" content=\"es_ES\" \/>\n<meta property=\"og:type\" content=\"article\" \/>\n<meta property=\"og:title\" content=\"Klarheit und Entscheidungen in der Beziehung - Dorothee von St\u00f6sser\" \/>\n<meta property=\"og:description\" content=\"Du wei\u00dft nicht, wo du gerade in deiner Beziehung stehst, und brauchst mehr Klarheit im Umgang mit vermeintlichen Warnsignalen. So gut wie du dich manchmal in deiner Beziehung f\u00fchlst, ist es oft auch sehr schwer mit deinem\/er Partner\/in, und das macht dich nachdenklich. Verunsicherung \u00fcber deine Beziehung kann sehr unangenehm sein. Vielleicht siehst du verschiedene [&hellip;]\" \/>\n<meta property=\"og:url\" content=\"https:\/\/dialogaryconstruir.com\/es\/klarheit-und-entscheidungen-in-der-beziehung\/\" \/>\n<meta property=\"og:site_name\" content=\"Dorothee von St\u00f6sser\" \/>\n<meta property=\"article:modified_time\" content=\"2024-04-24T10:58:18+00:00\" \/>\n<meta name=\"twitter:card\" content=\"summary_large_image\" \/>\n<meta name=\"twitter:label1\" content=\"Tiempo de lectura\" \/>\n\t<meta name=\"twitter:data1\" content=\"4 minutos\" \/>\n<script type=\"application\/ld+json\" class=\"yoast-schema-graph\">{\"@context\":\"https:\\\/\\\/schema.org\",\"@graph\":[{\"@type\":\"WebPage\",\"@id\":\"https:\\\/\\\/dialogaryconstruir.com\\\/klarheit-und-entscheidungen-in-der-beziehung\\\/\",\"url\":\"https:\\\/\\\/dialogaryconstruir.com\\\/klarheit-und-entscheidungen-in-der-beziehung\\\/\",\"name\":\"Klarheit und Entscheidungen in der Beziehung - Dorothee von St\u00f6sser\",\"isPartOf\":{\"@id\":\"https:\\\/\\\/dialogaryconstruir.com\\\/#website\"},\"datePublished\":\"2024-03-21T13:10:54+00:00\",\"dateModified\":\"2024-04-24T10:58:18+00:00\",\"breadcrumb\":{\"@id\":\"https:\\\/\\\/dialogaryconstruir.com\\\/klarheit-und-entscheidungen-in-der-beziehung\\\/#breadcrumb\"},\"inLanguage\":\"es\",\"potentialAction\":[{\"@type\":\"ReadAction\",\"target\":[\"https:\\\/\\\/dialogaryconstruir.com\\\/klarheit-und-entscheidungen-in-der-beziehung\\\/\"]}]},{\"@type\":\"BreadcrumbList\",\"@id\":\"https:\\\/\\\/dialogaryconstruir.com\\\/klarheit-und-entscheidungen-in-der-beziehung\\\/#breadcrumb\",\"itemListElement\":[{\"@type\":\"ListItem\",\"position\":1,\"name\":\"Startseite\",\"item\":\"https:\\\/\\\/dialogaryconstruir.com\\\/\"},{\"@type\":\"ListItem\",\"position\":2,\"name\":\"Klarheit und Entscheidungen in der Beziehung\"}]},{\"@type\":\"WebSite\",\"@id\":\"https:\\\/\\\/dialogaryconstruir.com\\\/#website\",\"url\":\"https:\\\/\\\/dialogaryconstruir.com\\\/\",\"name\":\"Dorothee von St\u00f6sser\",\"description\":\"Psychologische Onlineberatung\",\"publisher\":{\"@id\":\"https:\\\/\\\/dialogaryconstruir.com\\\/#organization\"},\"potentialAction\":[{\"@type\":\"SearchAction\",\"target\":{\"@type\":\"EntryPoint\",\"urlTemplate\":\"https:\\\/\\\/dialogaryconstruir.com\\\/?s={search_term_string}\"},\"query-input\":{\"@type\":\"PropertyValueSpecification\",\"valueRequired\":true,\"valueName\":\"search_term_string\"}}],\"inLanguage\":\"es\"},{\"@type\":\"Organization\",\"@id\":\"https:\\\/\\\/dialogaryconstruir.com\\\/#organization\",\"name\":\"Dorothee von St\u00f6sser\",\"url\":\"https:\\\/\\\/dialogaryconstruir.com\\\/\",\"logo\":{\"@type\":\"ImageObject\",\"inLanguage\":\"es\",\"@id\":\"https:\\\/\\\/dialogaryconstruir.com\\\/#\\\/schema\\\/logo\\\/image\\\/\",\"url\":\"https:\\\/\\\/dialogaryconstruir.com\\\/wp-content\\\/uploads\\\/LogoII.png\",\"contentUrl\":\"https:\\\/\\\/dialogaryconstruir.com\\\/wp-content\\\/uploads\\\/LogoII.png\",\"width\":659,\"height\":265,\"caption\":\"Dorothee von St\u00f6sser\"},\"image\":{\"@id\":\"https:\\\/\\\/dialogaryconstruir.com\\\/#\\\/schema\\\/logo\\\/image\\\/\"}}]}<\/script>\n<!-- \/ Yoast SEO plugin. -->","yoast_head_json":{"title":"Klarheit und Entscheidungen in der Beziehung - Dorothee von St\u00f6sser","robots":{"index":"index","follow":"follow","max-snippet":"max-snippet:-1","max-image-preview":"max-image-preview:large","max-video-preview":"max-video-preview:-1"},"canonical":"https:\/\/dialogaryconstruir.com\/es\/klarheit-und-entscheidungen-in-der-beziehung\/","og_locale":"es_ES","og_type":"article","og_title":"Klarheit und Entscheidungen in der Beziehung - Dorothee von St\u00f6sser","og_description":"Du wei\u00dft nicht, wo du gerade in deiner Beziehung stehst, und brauchst mehr Klarheit im Umgang mit vermeintlichen Warnsignalen. So gut wie du dich manchmal in deiner Beziehung f\u00fchlst, ist es oft auch sehr schwer mit deinem\/er Partner\/in, und das macht dich nachdenklich. Verunsicherung \u00fcber deine Beziehung kann sehr unangenehm sein. Vielleicht siehst du verschiedene [&hellip;]","og_url":"https:\/\/dialogaryconstruir.com\/es\/klarheit-und-entscheidungen-in-der-beziehung\/","og_site_name":"Dorothee von St\u00f6sser","article_modified_time":"2024-04-24T10:58:18+00:00","twitter_card":"summary_large_image","twitter_misc":{"Tiempo de lectura":"4 minutos"},"schema":{"@context":"https:\/\/schema.org","@graph":[{"@type":"WebPage","@id":"https:\/\/dialogaryconstruir.com\/klarheit-und-entscheidungen-in-der-beziehung\/","url":"https:\/\/dialogaryconstruir.com\/klarheit-und-entscheidungen-in-der-beziehung\/","name":"Klarheit und Entscheidungen in der Beziehung - Dorothee von St\u00f6sser","isPartOf":{"@id":"https:\/\/dialogaryconstruir.com\/#website"},"datePublished":"2024-03-21T13:10:54+00:00","dateModified":"2024-04-24T10:58:18+00:00","breadcrumb":{"@id":"https:\/\/dialogaryconstruir.com\/klarheit-und-entscheidungen-in-der-beziehung\/#breadcrumb"},"inLanguage":"es","potentialAction":[{"@type":"ReadAction","target":["https:\/\/dialogaryconstruir.com\/klarheit-und-entscheidungen-in-der-beziehung\/"]}]},{"@type":"BreadcrumbList","@id":"https:\/\/dialogaryconstruir.com\/klarheit-und-entscheidungen-in-der-beziehung\/#breadcrumb","itemListElement":[{"@type":"ListItem","position":1,"name":"Startseite","item":"https:\/\/dialogaryconstruir.com\/"},{"@type":"ListItem","position":2,"name":"Klarheit und Entscheidungen in der Beziehung"}]},{"@type":"WebSite","@id":"https:\/\/dialogaryconstruir.com\/#website","url":"https:\/\/dialogaryconstruir.com\/","name":"Dorothee von St\u00f6sser","description":"Psychologische Onlineberatung","publisher":{"@id":"https:\/\/dialogaryconstruir.com\/#organization"},"potentialAction":[{"@type":"SearchAction","target":{"@type":"EntryPoint","urlTemplate":"https:\/\/dialogaryconstruir.com\/?s={search_term_string}"},"query-input":{"@type":"PropertyValueSpecification","valueRequired":true,"valueName":"search_term_string"}}],"inLanguage":"es"},{"@type":"Organization","@id":"https:\/\/dialogaryconstruir.com\/#organization","name":"Dorothee von St\u00f6sser","url":"https:\/\/dialogaryconstruir.com\/","logo":{"@type":"ImageObject","inLanguage":"es","@id":"https:\/\/dialogaryconstruir.com\/#\/schema\/logo\/image\/","url":"https:\/\/dialogaryconstruir.com\/wp-content\/uploads\/LogoII.png","contentUrl":"https:\/\/dialogaryconstruir.com\/wp-content\/uploads\/LogoII.png","width":659,"height":265,"caption":"Dorothee von St\u00f6sser"},"image":{"@id":"https:\/\/dialogaryconstruir.com\/#\/schema\/logo\/image\/"}}]}},"_links":{"self":[{"href":"https:\/\/dialogaryconstruir.com\/es\/wp-json\/wp\/v2\/pages\/56","targetHints":{"allow":["GET"]}}],"collection":[{"href":"https:\/\/dialogaryconstruir.com\/es\/wp-json\/wp\/v2\/pages"}],"about":[{"href":"https:\/\/dialogaryconstruir.com\/es\/wp-json\/wp\/v2\/types\/page"}],"author":[{"embeddable":true,"href":"https:\/\/dialogaryconstruir.com\/es\/wp-json\/wp\/v2\/users\/1"}],"replies":[{"embeddable":true,"href":"https:\/\/dialogaryconstruir.com\/es\/wp-json\/wp\/v2\/comments?post=56"}],"version-history":[{"count":2,"href":"https:\/\/dialogaryconstruir.com\/es\/wp-json\/wp\/v2\/pages\/56\/revisions"}],"predecessor-version":[{"id":391,"href":"https:\/\/dialogaryconstruir.com\/es\/wp-json\/wp\/v2\/pages\/56\/revisions\/391"}],"wp:attachment":[{"href":"https:\/\/dialogaryconstruir.com\/es\/wp-json\/wp\/v2\/media?parent=56"}],"curies":[{"name":"wp","href":"https:\/\/api.w.org\/{rel}","templated":true}]}}