{"id":22,"date":"2024-03-12T15:54:23","date_gmt":"2024-03-12T15:54:23","guid":{"rendered":"https:\/\/beziehungs-klarheit.de\/?page_id=22"},"modified":"2024-05-07T17:26:03","modified_gmt":"2024-05-07T17:26:03","slug":"datenschutz-social-media","status":"publish","type":"page","link":"https:\/\/dialogaryconstruir.com\/es\/datenschutz-social-media\/","title":{"rendered":"Protecci\u00f3n de datos en Redes Sociales"},"content":{"rendered":"<div class=\"elementor-element elementor-element-678d5215 elementor-widget elementor-widget-theme-post-title elementor-page-title elementor-widget-heading\" data-id=\"678d5215\" data-element_type=\"widget\" data-widget_type=\"theme-post-title.default\">\n<div class=\"elementor-widget-container\">\n<h3 class=\"elementor-heading-title elementor-size-default\">Tratamiento de datos redes sociales<\/h3>\n<\/div>\n<\/div>\n<div class=\"elementor-element elementor-element-5251413b elementor-widget elementor-widget-theme-post-content\" data-id=\"5251413b\" data-element_type=\"widget\" data-widget_type=\"theme-post-content.default\">\n<div class=\"elementor-widget-container\">\n<div class=\"p-4 bg-background-blue max-h-[50vh] overflow-x-hidden overflow-y-auto\">\n<div class=\"html-preview\">\n<h3>Nuestra presencia en las redes sociales<\/h3>\n<h4>Esta pol\u00edtica de privacidad se aplica a las siguientes redes sociales<\/h4>\n<ul>\n<li>https:\/\/web.facebook.com\/DorotheeStoesser\/<\/li>\n<li>https:\/\/www.instagram.com\/dialogar_y_construir?igsh=MTNsZ2FsaHRhdXpqOA==<\/li>\n<\/ul>\n<h4>Tratamiento de datos por las redes sociales<\/h4>\n<p>Mantenemos perfiles de acceso p\u00fablico en las redes sociales. A continuaci\u00f3n, se enumeran las redes sociales que utilizamos.<\/p>\n<p>Las redes sociales, como Facebook, Twitter, etc., pueden analizar en general de forma exhaustiva su comportamiento como usuario cuando visita su sitio web o un sitio web con contenido de redes sociales integrado (por ejemplo, botones \"me gusta\" o banners publicitarios). La visita a nuestras redes sociales desencadena numerosas operaciones de tratamiento de datos relevantes para la protecci\u00f3n de datos. En detalle:<\/p>\n<p>Si ha iniciado sesi\u00f3n en su cuenta de redes sociales y visita nuestras redes sociales, el operador del portal de redes sociales puede asignar esta visita a su cuenta de usuario. Sin embargo, sus datos personales tambi\u00e9n pueden recopilarse si no ha iniciado sesi\u00f3n o no tiene una cuenta en el portal de la red social correspondiente. En este caso, esta recopilaci\u00f3n de datos tiene lugar, por ejemplo, a trav\u00e9s de cookies que se almacenan en su dispositivo final o mediante el registro de su direcci\u00f3n IP.<\/p>\n<p>Con la ayuda de los datos recogidos de este modo, los operadores de los portales de las redes sociales pueden crear perfiles de usuario en los que se almacenan sus preferencias e intereses. De este modo, se le puede mostrar publicidad basada en sus intereses dentro y fuera de la presencia en la red social correspondiente. Si tiene una cuenta en la red social correspondiente, la publicidad basada en intereses puede mostrarse en todos los dispositivos en los que est\u00e9 o haya estado conectado.<\/p>\n<p>Tenga en cuenta tambi\u00e9n que no podemos hacer un seguimiento de todas las operaciones de tratamiento en los portales de las redes sociales. En funci\u00f3n del proveedor, los operadores de los portales de las redes sociales pueden llevar a cabo otras operaciones de tratamiento. Para m\u00e1s detalles, consulte las condiciones de uso y las disposiciones de protecci\u00f3n de datos de los respectivos portales de redes sociales.<\/p>\n<h4>Base jur\u00eddica<\/h4>\n<p>Nuestra presencia en las redes sociales tiene por objeto garantizar la mayor presencia posible en Internet. Se trata de un inter\u00e9s leg\u00edtimo en el sentido del art\u00edculo 6, apartado 1, letra f del RGPD. Los procesos de an\u00e1lisis iniciados por las redes sociales pueden basarse en diferentes fundamentos jur\u00eddicos, que deben ser especificados por los operadores de las redes sociales (por ejemplo, el consentimiento en el sentido del art. 6, p\u00e1rr. 1 lit. a GDPR).<\/p>\n<h4>Responsable y reivindicaci\u00f3n de derechos<\/h4>\n<p>Si visita uno de nuestros portales de medios sociales (por ejemplo, Facebook), somos responsables conjuntamente con el operador de la plataforma de medios sociales de las operaciones de tratamiento de datos desencadenadas durante esta visita. Puede hacer valer sus derechos (informaci\u00f3n, rectificaci\u00f3n, supresi\u00f3n, limitaci\u00f3n del tratamiento, portabilidad de los datos y reclamaci\u00f3n) tanto frente a nosotros como frente al operador del respectivo portal de medios sociales (por ejemplo, Facebook).<\/p>\n<p>Tenga en cuenta que, a pesar de nuestra responsabilidad conjunta con los operadores de los portales de las redes sociales, no tenemos pleno control sobre las operaciones de tratamiento de datos de dichos portales. Nuestras opciones vienen determinadas en gran medida por la pol\u00edtica empresarial del respectivo proveedor.<\/p>\n<h4>Duraci\u00f3n del almacenamiento<\/h4>\n<p>Los datos recogidos directamente por nosotros a trav\u00e9s de la presencia en las redes sociales se eliminar\u00e1n de nuestros sistemas tan pronto como usted nos pida que los eliminemos, revoque su consentimiento para el almacenamiento o deje de ser aplicable la finalidad del almacenamiento de datos. Las cookies almacenadas permanecer\u00e1n en su dispositivo final hasta que usted las elimine. Las disposiciones legales obligatorias, en particular los periodos de conservaci\u00f3n, no se ver\u00e1n afectadas.<\/p>\n<p>No tenemos ninguna influencia sobre el per\u00edodo de almacenamiento de sus datos que son almacenados por los operadores de las redes sociales para sus propios fines. Para m\u00e1s detalles, p\u00f3ngase en contacto directamente con los operadores de las redes sociales (por ejemplo, en su pol\u00edtica de privacidad, v\u00e9ase m\u00e1s abajo).<\/p>\n<h4>Sus derechos<\/h4>\n<p>Tiene derecho a recibir informaci\u00f3n gratuita en cualquier momento sobre el origen, el destinatario y la finalidad de sus datos personales almacenados. Tambi\u00e9n tiene derecho a oponerse, a la portabilidad de los datos y a presentar una reclamaci\u00f3n ante la autoridad de control competente. Adem\u00e1s, puede solicitar la rectificaci\u00f3n, el bloqueo, la supresi\u00f3n y, en determinadas circunstancias, la limitaci\u00f3n del tratamiento de sus datos personales.<\/p>\n<h4>Las redes sociales en detalle<\/h4>\n<h5>Facebook<\/h5>\n<p>Tenemos un perfil en Facebook. El proveedor de este servicio es Meta Platforms Ireland Limited, 4 Grand Canal Square, Grand Canal Harbour, Dubl\u00edn 2, Irlanda (en lo sucesivo, Meta). Seg\u00fan Meta, los datos recogidos tambi\u00e9n se transfieren a EE.UU. y a otros terceros pa\u00edses.<\/p>\n<p>Hemos suscrito un acuerdo de tratamiento conjunto (Ap\u00e9ndice del responsable del Tratamiento) con Meta. Este acuerdo especifica de qu\u00e9 operaciones de tratamiento de datos somos responsables nosotros o Meta cuando usted visita nuestra p\u00e1gina de Facebook. Puede consultar este acuerdo en el siguiente enlace:\u00a0<a href=\"https:\/\/www.facebook.com\/legal\/terms\/page_controller_addendum\" target=\"_blank\" rel=\"noopener noreferrer\">https:\/\/www.facebook.com\/legal\/terms\/page_controller_addendum<\/a>.<\/p>\n<p><strong>Usted mismo puede personalizar la configuraci\u00f3n de su publicidad en su cuenta de usuario. Para ello, haga clic en el siguiente enlace e inicie sesi\u00f3n:<\/strong>\u00a0<a href=\"https:\/\/www.facebook.com\/settings?tab=ads\" target=\"_blank\" rel=\"noopener noreferrer\">https:\/\/www.facebook.com\/settings?tab=ads<\/a>.<\/p>\n<p>La transferencia de datos a EE.UU. se basa en las cl\u00e1usulas contractuales tipo de la Comisi\u00f3n Europea. Encontrar\u00e1 m\u00e1s detalles aqu\u00ed:\u00a0<a href=\"https:\/\/www.facebook.com\/legal\/EU_data_transfer_addendum\" target=\"_blank\" rel=\"noopener noreferrer\">https:\/\/www.facebook.com\/legal\/EU_data_transfer_addendum<\/a>\u00a0y\u00a0<a href=\"https:\/\/de-de.facebook.com\/help\/566994660333381\" target=\"_blank\" rel=\"noopener noreferrer\">https:\/\/de-de.facebook.com\/help\/566994660333381<\/a>.<\/p>\n<p>Puedes encontrar m\u00e1s informaci\u00f3n en la pol\u00edtica de privacidad de Facebook:\u00a0<a href=\"https:\/\/www.facebook.com\/about\/privacy\/\" target=\"_blank\" rel=\"noopener noreferrer\">https:\/\/www.facebook.com\/about\/privacy\/<\/a>.<\/p>\n<h5>Instagram<\/h5>\n<p>Tenemos un perfil en Instagram. El proveedor de este servicio es Meta Platforms Ireland Limited, 4 Grand Canal Square, Grand Canal Harbour, Dubl\u00edn 2, Irlanda.<\/p>\n<p>La transferencia de datos a EE.UU. se basa en las cl\u00e1usulas contractuales tipo de la Comisi\u00f3n Europea. Encontrar\u00e1 m\u00e1s detalles aqu\u00ed:\u00a0<a href=\"https:\/\/www.facebook.com\/legal\/EU_data_transfer_addendum\" target=\"_blank\" rel=\"noopener noreferrer\">https:\/\/www.facebook.com\/legal\/EU_data_transfer_addendum<\/a>,\u00a0<a href=\"https:\/\/help.instagram.com\/519522125107875\" target=\"_blank\" rel=\"noopener noreferrer\">https:\/\/help.instagram.com\/519522125107875<\/a>\u00a0y\u00a0<a href=\"https:\/\/de-de.facebook.com\/help\/566994660333381\" target=\"_blank\" rel=\"noopener noreferrer\">https:\/\/de-de.facebook.com\/help\/566994660333381<\/a>.<\/p>\n<p>Los detalles sobre c\u00f3mo manejan tus datos personales se pueden encontrar en la pol\u00edtica de privacidad de Instagram:\u00a0<a href=\"https:\/\/help.instagram.com\/519522125107875\" target=\"_blank\" rel=\"noopener noreferrer\">https:\/\/help.instagram.com\/519522125107875<\/a>.<\/p>\n<\/div>\n<\/div>\n<\/div>\n<\/div>","protected":false},"excerpt":{"rendered":"<p>Datenverarbeitung Social Media Unsere Social-Media-Auftritte Diese Datenschutzerkl\u00e4rung gilt f\u00fcr folgende Social-Media-Auftritte https:\/\/web.facebook.com\/DorotheeStoesser\/ https:\/\/www.instagram.com\/dialogar_y_construir?igsh=MTNsZ2FsaHRhdXpqOA== Datenverarbeitung durch soziale Netzwerke Wir unterhalten \u00f6ffentlich zug\u00e4ngliche Profile in sozialen Netzwerken. Die im Einzelnen von uns genutzten sozialen Netzwerke finden Sie weiter unten. Soziale Netzwerke wie Facebook, Twitter etc. k\u00f6nnen Ihr Nutzerverhalten in der Regel umfassend analysieren, wenn Sie deren Website [&hellip;]<\/p>","protected":false},"author":1,"featured_media":0,"parent":0,"menu_order":0,"comment_status":"closed","ping_status":"closed","template":"","meta":{"footnotes":""},"class_list":["post-22","page","type-page","status-publish","hentry"],"yoast_head":"<!-- This site is optimized with the Yoast SEO plugin v27.3 - https:\/\/yoast.com\/product\/yoast-seo-wordpress\/ -->\n<title>Datenschutz Social Media - Dorothee von St\u00f6sser<\/title>\n<meta name=\"robots\" content=\"index, follow, max-snippet:-1, max-image-preview:large, max-video-preview:-1\" \/>\n<link rel=\"canonical\" href=\"https:\/\/dialogaryconstruir.com\/es\/datenschutz-social-media\/\" \/>\n<meta property=\"og:locale\" content=\"es_ES\" \/>\n<meta property=\"og:type\" content=\"article\" \/>\n<meta property=\"og:title\" content=\"Datenschutz Social Media - Dorothee von St\u00f6sser\" \/>\n<meta property=\"og:description\" content=\"Datenverarbeitung Social Media Unsere Social-Media-Auftritte Diese Datenschutzerkl\u00e4rung gilt f\u00fcr folgende Social-Media-Auftritte https:\/\/web.facebook.com\/DorotheeStoesser\/ https:\/\/www.instagram.com\/dialogar_y_construir?igsh=MTNsZ2FsaHRhdXpqOA== Datenverarbeitung durch soziale Netzwerke Wir unterhalten \u00f6ffentlich zug\u00e4ngliche Profile in sozialen Netzwerken. Die im Einzelnen von uns genutzten sozialen Netzwerke finden Sie weiter unten. Soziale Netzwerke wie Facebook, Twitter etc. k\u00f6nnen Ihr Nutzerverhalten in der Regel umfassend analysieren, wenn Sie deren Website [&hellip;]\" \/>\n<meta property=\"og:url\" content=\"https:\/\/dialogaryconstruir.com\/es\/datenschutz-social-media\/\" \/>\n<meta property=\"og:site_name\" content=\"Dorothee von St\u00f6sser\" \/>\n<meta property=\"article:modified_time\" content=\"2024-05-07T17:26:03+00:00\" \/>\n<meta name=\"twitter:card\" content=\"summary_large_image\" \/>\n<meta name=\"twitter:label1\" content=\"Tiempo de lectura\" \/>\n\t<meta name=\"twitter:data1\" content=\"4 minutos\" \/>\n<script type=\"application\/ld+json\" class=\"yoast-schema-graph\">{\"@context\":\"https:\\\/\\\/schema.org\",\"@graph\":[{\"@type\":\"WebPage\",\"@id\":\"https:\\\/\\\/dialogaryconstruir.com\\\/datenschutz-social-media\\\/\",\"url\":\"https:\\\/\\\/dialogaryconstruir.com\\\/datenschutz-social-media\\\/\",\"name\":\"Datenschutz Social Media - Dorothee von St\u00f6sser\",\"isPartOf\":{\"@id\":\"https:\\\/\\\/dialogaryconstruir.com\\\/#website\"},\"datePublished\":\"2024-03-12T15:54:23+00:00\",\"dateModified\":\"2024-05-07T17:26:03+00:00\",\"breadcrumb\":{\"@id\":\"https:\\\/\\\/dialogaryconstruir.com\\\/datenschutz-social-media\\\/#breadcrumb\"},\"inLanguage\":\"es\",\"potentialAction\":[{\"@type\":\"ReadAction\",\"target\":[\"https:\\\/\\\/dialogaryconstruir.com\\\/datenschutz-social-media\\\/\"]}]},{\"@type\":\"BreadcrumbList\",\"@id\":\"https:\\\/\\\/dialogaryconstruir.com\\\/datenschutz-social-media\\\/#breadcrumb\",\"itemListElement\":[{\"@type\":\"ListItem\",\"position\":1,\"name\":\"Startseite\",\"item\":\"https:\\\/\\\/dialogaryconstruir.com\\\/\"},{\"@type\":\"ListItem\",\"position\":2,\"name\":\"Datenschutz Social Media\"}]},{\"@type\":\"WebSite\",\"@id\":\"https:\\\/\\\/dialogaryconstruir.com\\\/#website\",\"url\":\"https:\\\/\\\/dialogaryconstruir.com\\\/\",\"name\":\"Dorothee von St\u00f6sser\",\"description\":\"Psychologische Onlineberatung\",\"publisher\":{\"@id\":\"https:\\\/\\\/dialogaryconstruir.com\\\/#organization\"},\"potentialAction\":[{\"@type\":\"SearchAction\",\"target\":{\"@type\":\"EntryPoint\",\"urlTemplate\":\"https:\\\/\\\/dialogaryconstruir.com\\\/?s={search_term_string}\"},\"query-input\":{\"@type\":\"PropertyValueSpecification\",\"valueRequired\":true,\"valueName\":\"search_term_string\"}}],\"inLanguage\":\"es\"},{\"@type\":\"Organization\",\"@id\":\"https:\\\/\\\/dialogaryconstruir.com\\\/#organization\",\"name\":\"Dorothee von St\u00f6sser\",\"url\":\"https:\\\/\\\/dialogaryconstruir.com\\\/\",\"logo\":{\"@type\":\"ImageObject\",\"inLanguage\":\"es\",\"@id\":\"https:\\\/\\\/dialogaryconstruir.com\\\/#\\\/schema\\\/logo\\\/image\\\/\",\"url\":\"https:\\\/\\\/dialogaryconstruir.com\\\/wp-content\\\/uploads\\\/LogoII.png\",\"contentUrl\":\"https:\\\/\\\/dialogaryconstruir.com\\\/wp-content\\\/uploads\\\/LogoII.png\",\"width\":659,\"height\":265,\"caption\":\"Dorothee von St\u00f6sser\"},\"image\":{\"@id\":\"https:\\\/\\\/dialogaryconstruir.com\\\/#\\\/schema\\\/logo\\\/image\\\/\"}}]}<\/script>\n<!-- \/ Yoast SEO plugin. -->","yoast_head_json":{"title":"Datenschutz Social Media - Dorothee von St\u00f6sser","robots":{"index":"index","follow":"follow","max-snippet":"max-snippet:-1","max-image-preview":"max-image-preview:large","max-video-preview":"max-video-preview:-1"},"canonical":"https:\/\/dialogaryconstruir.com\/es\/datenschutz-social-media\/","og_locale":"es_ES","og_type":"article","og_title":"Datenschutz Social Media - Dorothee von St\u00f6sser","og_description":"Datenverarbeitung Social Media Unsere Social-Media-Auftritte Diese Datenschutzerkl\u00e4rung gilt f\u00fcr folgende Social-Media-Auftritte https:\/\/web.facebook.com\/DorotheeStoesser\/ https:\/\/www.instagram.com\/dialogar_y_construir?igsh=MTNsZ2FsaHRhdXpqOA== Datenverarbeitung durch soziale Netzwerke Wir unterhalten \u00f6ffentlich zug\u00e4ngliche Profile in sozialen Netzwerken. Die im Einzelnen von uns genutzten sozialen Netzwerke finden Sie weiter unten. Soziale Netzwerke wie Facebook, Twitter etc. k\u00f6nnen Ihr Nutzerverhalten in der Regel umfassend analysieren, wenn Sie deren Website [&hellip;]","og_url":"https:\/\/dialogaryconstruir.com\/es\/datenschutz-social-media\/","og_site_name":"Dorothee von St\u00f6sser","article_modified_time":"2024-05-07T17:26:03+00:00","twitter_card":"summary_large_image","twitter_misc":{"Tiempo de lectura":"4 minutos"},"schema":{"@context":"https:\/\/schema.org","@graph":[{"@type":"WebPage","@id":"https:\/\/dialogaryconstruir.com\/datenschutz-social-media\/","url":"https:\/\/dialogaryconstruir.com\/datenschutz-social-media\/","name":"Datenschutz Social Media - Dorothee von St\u00f6sser","isPartOf":{"@id":"https:\/\/dialogaryconstruir.com\/#website"},"datePublished":"2024-03-12T15:54:23+00:00","dateModified":"2024-05-07T17:26:03+00:00","breadcrumb":{"@id":"https:\/\/dialogaryconstruir.com\/datenschutz-social-media\/#breadcrumb"},"inLanguage":"es","potentialAction":[{"@type":"ReadAction","target":["https:\/\/dialogaryconstruir.com\/datenschutz-social-media\/"]}]},{"@type":"BreadcrumbList","@id":"https:\/\/dialogaryconstruir.com\/datenschutz-social-media\/#breadcrumb","itemListElement":[{"@type":"ListItem","position":1,"name":"Startseite","item":"https:\/\/dialogaryconstruir.com\/"},{"@type":"ListItem","position":2,"name":"Datenschutz Social Media"}]},{"@type":"WebSite","@id":"https:\/\/dialogaryconstruir.com\/#website","url":"https:\/\/dialogaryconstruir.com\/","name":"Dorothee von St\u00f6sser","description":"Psychologische Onlineberatung","publisher":{"@id":"https:\/\/dialogaryconstruir.com\/#organization"},"potentialAction":[{"@type":"SearchAction","target":{"@type":"EntryPoint","urlTemplate":"https:\/\/dialogaryconstruir.com\/?s={search_term_string}"},"query-input":{"@type":"PropertyValueSpecification","valueRequired":true,"valueName":"search_term_string"}}],"inLanguage":"es"},{"@type":"Organization","@id":"https:\/\/dialogaryconstruir.com\/#organization","name":"Dorothee von St\u00f6sser","url":"https:\/\/dialogaryconstruir.com\/","logo":{"@type":"ImageObject","inLanguage":"es","@id":"https:\/\/dialogaryconstruir.com\/#\/schema\/logo\/image\/","url":"https:\/\/dialogaryconstruir.com\/wp-content\/uploads\/LogoII.png","contentUrl":"https:\/\/dialogaryconstruir.com\/wp-content\/uploads\/LogoII.png","width":659,"height":265,"caption":"Dorothee von St\u00f6sser"},"image":{"@id":"https:\/\/dialogaryconstruir.com\/#\/schema\/logo\/image\/"}}]}},"_links":{"self":[{"href":"https:\/\/dialogaryconstruir.com\/es\/wp-json\/wp\/v2\/pages\/22","targetHints":{"allow":["GET"]}}],"collection":[{"href":"https:\/\/dialogaryconstruir.com\/es\/wp-json\/wp\/v2\/pages"}],"about":[{"href":"https:\/\/dialogaryconstruir.com\/es\/wp-json\/wp\/v2\/types\/page"}],"author":[{"embeddable":true,"href":"https:\/\/dialogaryconstruir.com\/es\/wp-json\/wp\/v2\/users\/1"}],"replies":[{"embeddable":true,"href":"https:\/\/dialogaryconstruir.com\/es\/wp-json\/wp\/v2\/comments?post=22"}],"version-history":[{"count":4,"href":"https:\/\/dialogaryconstruir.com\/es\/wp-json\/wp\/v2\/pages\/22\/revisions"}],"predecessor-version":[{"id":451,"href":"https:\/\/dialogaryconstruir.com\/es\/wp-json\/wp\/v2\/pages\/22\/revisions\/451"}],"wp:attachment":[{"href":"https:\/\/dialogaryconstruir.com\/es\/wp-json\/wp\/v2\/media?parent=22"}],"curies":[{"name":"wp","href":"https:\/\/api.w.org\/{rel}","templated":true}]}}