{"id":65,"date":"2024-03-21T13:30:13","date_gmt":"2024-03-21T13:30:13","guid":{"rendered":"https:\/\/beziehungs-klarheit.de\/?page_id=65"},"modified":"2024-03-22T09:27:54","modified_gmt":"2024-03-22T09:27:54","slug":"ueber-mich","status":"publish","type":"page","link":"https:\/\/dialogaryconstruir.com\/en\/ueber-mich\/","title":{"rendered":"About me"},"content":{"rendered":"<div data-elementor-type=\"wp-page\" data-elementor-id=\"65\" class=\"elementor elementor-65\" data-elementor-post-type=\"page\">\n\t\t\t\t<div class=\"elementor-element elementor-element-97ca234 e-flex e-con-boxed e-con e-parent\" data-id=\"97ca234\" data-element_type=\"container\" data-e-type=\"container\">\n\t\t\t\t\t<div class=\"e-con-inner\">\n\t\t<div class=\"elementor-element elementor-element-5308489 e-con-full e-flex e-con e-child\" data-id=\"5308489\" data-element_type=\"container\" data-e-type=\"container\">\n\t\t\t\t<div class=\"elementor-element elementor-element-89ee8cc elementor-widget elementor-widget-text-editor\" data-id=\"89ee8cc\" data-element_type=\"widget\" data-e-type=\"widget\" data-widget_type=\"text-editor.default\">\n\t\t\t\t<div class=\"elementor-widget-container\">\n\t\t\t\t\t\t\t\t\t<p>Hey, I\u00b4m Dorothee,<\/p><p>Originally, I\u00b4m from Germany, but have been living in Ecuador for over 15 years now. I came here for a voluntary service in 2008\/2009 and staid to study psychology. Later I have worked as a clinical psychologist in various public and private institutions in the country.<\/p><p>My focus was always on relationships, communication, family dynamics and how we overcome life's challenges together. No one is an island; we are always connected in some way and that is very exciting to me.<\/p>\t\t\t\t\t\t\t\t<\/div>\n\t\t\t\t<\/div>\n\t\t\t\t<\/div>\n\t\t<div class=\"elementor-element elementor-element-9725182 e-con-full e-flex e-con e-child\" data-id=\"9725182\" data-element_type=\"container\" data-e-type=\"container\">\n\t\t\t\t<div class=\"elementor-element elementor-element-4f8f8ce elementor-widget elementor-widget-image\" data-id=\"4f8f8ce\" data-element_type=\"widget\" data-e-type=\"widget\" data-widget_type=\"image.default\">\n\t\t\t\t<div class=\"elementor-widget-container\">\n\t\t\t\t\t\t\t\t\t\t\t\t\t\t\t<img fetchpriority=\"high\" decoding=\"async\" width=\"800\" height=\"560\" src=\"https:\/\/dialogaryconstruir.com\/wp-content\/uploads\/MG_6257-1024x717.jpg\" class=\"attachment-large size-large wp-image-26\" alt=\"\" srcset=\"https:\/\/dialogaryconstruir.com\/wp-content\/uploads\/\/MG_6257-1024x717.jpg 1024w, https:\/\/dialogaryconstruir.com\/wp-content\/uploads\/\/MG_6257-300x210.jpg 300w, https:\/\/dialogaryconstruir.com\/wp-content\/uploads\/\/MG_6257-768x538.jpg 768w, https:\/\/dialogaryconstruir.com\/wp-content\/uploads\/\/MG_6257-1536x1076.jpg 1536w, https:\/\/dialogaryconstruir.com\/wp-content\/uploads\/\/MG_6257-2048x1435.jpg 2048w, https:\/\/dialogaryconstruir.com\/wp-content\/uploads\/\/MG_6257-1320x925.jpg 1320w\" sizes=\"(max-width: 800px) 100vw, 800px\" \/>\t\t\t\t\t\t\t\t\t\t\t\t\t\t\t<\/div>\n\t\t\t\t<\/div>\n\t\t\t\t<\/div>\n\t\t\t\t\t<\/div>\n\t\t\t\t<\/div>\n\t\t<div class=\"elementor-element elementor-element-669b764b e-flex e-con-boxed e-con e-parent\" data-id=\"669b764b\" data-element_type=\"container\" data-e-type=\"container\">\n\t\t\t\t\t<div class=\"e-con-inner\">\n\t\t\t\t<div class=\"elementor-element elementor-element-1d60b6bf elementor-widget elementor-widget-text-editor\" data-id=\"1d60b6bf\" data-element_type=\"widget\" data-e-type=\"widget\" data-widget_type=\"text-editor.default\">\n\t\t\t\t<div class=\"elementor-widget-container\">\n\t\t\t\t\t\t\t\t\t<p>Over the years abroad, I myself have of course also been very influenced by intercultural experiences. I became a little mixed up and would say at this point I take the structural and analytical thinking from my country of origin. In my country of choice, I have learned to be more calm, receiving and attentive. I love the process of reconciling differences, learning from them and exchanging ideas.<\/p><p>In addition to open exchange and good conversations, I like to explore nature - in Ecuador you can do this particularly well in the rainforest and on hikes through the Andes region - I enjoy yoga, sport climbing and love good coffee.<\/p><h2><u>Why online?<\/u><\/h2><p>Somehow, I was never a psychologist with a \"normal\" practice. Before online counseling, I worked in educational institutions and NGOs. Always as part of a team. We often made home visits, because many of the families we worked with were unable or sometimes unwilling to come to us due to their working and general living conditions. We were able to build trust by visiting them in their houses and drinking coffee together while stroking the cats. This taught me that counseling processes can take place in very different ways.<\/p><p>I opted for online counseling in 2020 during the pandemic, as it was a good alternative for me to continue my job and be closer to my son at the same time. At the time, I had already had experience of working online myself, both as a therapist and in my own supervision and therapy sessions, which had all taken place online since COVID, and I was amazed at how well it worked.<\/p><p>Over time I found that by working online I also had more access to other expats and more people came to me who were looking for a counselor with a similar background. For example, international students, binational couples or families who had emigrated.<\/p><h2><u>Why Dialogar y Construir?<\/u><\/h2><p>Dialogar = dialogue, y = and, construir = to construct.<\/p><p>The concept of dialogue that constructs summarizes my working approach in two words. It sounds better in Spanish, is easy to translate and the Spanish language has helped me to construct a lot professionally over the last 15 years.<\/p><p>So, Dialogar y Construir means: dialog and language construct us. As social beings, we are in constant exchange with others and these nurtures our own believe system. Our ideas come from dialog, or rather, this is how they are co-constructed. All ideas: who am I, what do I like, what am I good at, how does the world work. All of our beliefs and convictions have been and are influenced every day anew by linguistic exchange with others.<\/p><p>A new conversation can reshape or move us if we allow it to.<\/p><p>A lot of my work in counselling is about recognizing what stories we constantly tell us. About ourselves, our environment or our relationship. This is an exciting process and you realize how strongly this influences your feelings and actions with others.<\/p><h2>My Vision<\/h2><p>More people who are happy in their relationship because they are allowed to be themselves, because there can be exchange and there is mutual interest and curiosity as well as a willingness to shape the relationship together.<\/p>\t\t\t\t\t\t\t\t<\/div>\n\t\t\t\t<\/div>\n\t\t\t\t\t<\/div>\n\t\t\t\t<\/div>\n\t\t\t\t<\/div>","protected":false},"excerpt":{"rendered":"<p>Hallo, ich bin Dorothee, urspr\u00fcnglich komme ich aus Deutschland, lebe jetzt aber schon seit \u00fcber 15 Jahren in Ecuador, wo ich nach einem Freiwilligendienst 2008\/2009 geblieben bin, um Psychologie zu studieren und mein Leben zu gestalten. Hier habe ich an verschiedenen staatlichen und privaten Einrichtungen als klinische Psychologin gearbeitet. Meine Schwerpunkte lagen dabei immer bei [&hellip;]<\/p>","protected":false},"author":1,"featured_media":0,"parent":0,"menu_order":0,"comment_status":"closed","ping_status":"closed","template":"","meta":{"footnotes":""},"class_list":["post-65","page","type-page","status-publish","hentry"],"yoast_head":"<!-- This site is optimized with the Yoast SEO plugin v27.3 - https:\/\/yoast.com\/product\/yoast-seo-wordpress\/ -->\n<title>\u00dcber mich - Dorothee von St\u00f6sser<\/title>\n<meta name=\"robots\" content=\"index, follow, max-snippet:-1, max-image-preview:large, max-video-preview:-1\" \/>\n<link rel=\"canonical\" href=\"https:\/\/dialogaryconstruir.com\/en\/ueber-mich\/\" \/>\n<meta property=\"og:locale\" content=\"en_US\" \/>\n<meta property=\"og:type\" content=\"article\" \/>\n<meta property=\"og:title\" content=\"\u00dcber mich - Dorothee von St\u00f6sser\" \/>\n<meta property=\"og:description\" content=\"Hallo, ich bin Dorothee, urspr\u00fcnglich komme ich aus Deutschland, lebe jetzt aber schon seit \u00fcber 15 Jahren in Ecuador, wo ich nach einem Freiwilligendienst 2008\/2009 geblieben bin, um Psychologie zu studieren und mein Leben zu gestalten. Hier habe ich an verschiedenen staatlichen und privaten Einrichtungen als klinische Psychologin gearbeitet. Meine Schwerpunkte lagen dabei immer bei [&hellip;]\" \/>\n<meta property=\"og:url\" content=\"https:\/\/dialogaryconstruir.com\/en\/ueber-mich\/\" \/>\n<meta property=\"og:site_name\" content=\"Dorothee von St\u00f6sser\" \/>\n<meta property=\"article:modified_time\" content=\"2024-03-22T09:27:54+00:00\" \/>\n<meta property=\"og:image\" content=\"https:\/\/dialogaryconstruir.com\/wp-content\/uploads\/MG_6257-1024x717.jpg\" \/>\n<meta name=\"twitter:card\" content=\"summary_large_image\" \/>\n<meta name=\"twitter:label1\" content=\"Est. reading time\" \/>\n\t<meta name=\"twitter:data1\" content=\"3 minutes\" \/>\n<script type=\"application\/ld+json\" class=\"yoast-schema-graph\">{\"@context\":\"https:\\\/\\\/schema.org\",\"@graph\":[{\"@type\":\"WebPage\",\"@id\":\"https:\\\/\\\/dialogaryconstruir.com\\\/ueber-mich\\\/\",\"url\":\"https:\\\/\\\/dialogaryconstruir.com\\\/ueber-mich\\\/\",\"name\":\"\u00dcber mich - Dorothee von St\u00f6sser\",\"isPartOf\":{\"@id\":\"https:\\\/\\\/dialogaryconstruir.com\\\/#website\"},\"primaryImageOfPage\":{\"@id\":\"https:\\\/\\\/dialogaryconstruir.com\\\/ueber-mich\\\/#primaryimage\"},\"image\":{\"@id\":\"https:\\\/\\\/dialogaryconstruir.com\\\/ueber-mich\\\/#primaryimage\"},\"thumbnailUrl\":\"https:\\\/\\\/dialogaryconstruir.com\\\/wp-content\\\/uploads\\\/MG_6257-1024x717.jpg\",\"datePublished\":\"2024-03-21T13:30:13+00:00\",\"dateModified\":\"2024-03-22T09:27:54+00:00\",\"breadcrumb\":{\"@id\":\"https:\\\/\\\/dialogaryconstruir.com\\\/ueber-mich\\\/#breadcrumb\"},\"inLanguage\":\"en-US\",\"potentialAction\":[{\"@type\":\"ReadAction\",\"target\":[\"https:\\\/\\\/dialogaryconstruir.com\\\/ueber-mich\\\/\"]}]},{\"@type\":\"ImageObject\",\"inLanguage\":\"en-US\",\"@id\":\"https:\\\/\\\/dialogaryconstruir.com\\\/ueber-mich\\\/#primaryimage\",\"url\":\"https:\\\/\\\/dialogaryconstruir.com\\\/wp-content\\\/uploads\\\/MG_6257-1024x717.jpg\",\"contentUrl\":\"https:\\\/\\\/dialogaryconstruir.com\\\/wp-content\\\/uploads\\\/MG_6257-1024x717.jpg\"},{\"@type\":\"BreadcrumbList\",\"@id\":\"https:\\\/\\\/dialogaryconstruir.com\\\/ueber-mich\\\/#breadcrumb\",\"itemListElement\":[{\"@type\":\"ListItem\",\"position\":1,\"name\":\"Startseite\",\"item\":\"https:\\\/\\\/dialogaryconstruir.com\\\/\"},{\"@type\":\"ListItem\",\"position\":2,\"name\":\"\u00dcber mich\"}]},{\"@type\":\"WebSite\",\"@id\":\"https:\\\/\\\/dialogaryconstruir.com\\\/#website\",\"url\":\"https:\\\/\\\/dialogaryconstruir.com\\\/\",\"name\":\"Dorothee von St\u00f6sser\",\"description\":\"Psychologische Onlineberatung\",\"publisher\":{\"@id\":\"https:\\\/\\\/dialogaryconstruir.com\\\/#organization\"},\"potentialAction\":[{\"@type\":\"SearchAction\",\"target\":{\"@type\":\"EntryPoint\",\"urlTemplate\":\"https:\\\/\\\/dialogaryconstruir.com\\\/?s={search_term_string}\"},\"query-input\":{\"@type\":\"PropertyValueSpecification\",\"valueRequired\":true,\"valueName\":\"search_term_string\"}}],\"inLanguage\":\"en-US\"},{\"@type\":\"Organization\",\"@id\":\"https:\\\/\\\/dialogaryconstruir.com\\\/#organization\",\"name\":\"Dorothee von St\u00f6sser\",\"url\":\"https:\\\/\\\/dialogaryconstruir.com\\\/\",\"logo\":{\"@type\":\"ImageObject\",\"inLanguage\":\"en-US\",\"@id\":\"https:\\\/\\\/dialogaryconstruir.com\\\/#\\\/schema\\\/logo\\\/image\\\/\",\"url\":\"https:\\\/\\\/dialogaryconstruir.com\\\/wp-content\\\/uploads\\\/LogoII.png\",\"contentUrl\":\"https:\\\/\\\/dialogaryconstruir.com\\\/wp-content\\\/uploads\\\/LogoII.png\",\"width\":659,\"height\":265,\"caption\":\"Dorothee von St\u00f6sser\"},\"image\":{\"@id\":\"https:\\\/\\\/dialogaryconstruir.com\\\/#\\\/schema\\\/logo\\\/image\\\/\"}}]}<\/script>\n<!-- \/ Yoast SEO plugin. -->","yoast_head_json":{"title":"\u00dcber mich - Dorothee von St\u00f6sser","robots":{"index":"index","follow":"follow","max-snippet":"max-snippet:-1","max-image-preview":"max-image-preview:large","max-video-preview":"max-video-preview:-1"},"canonical":"https:\/\/dialogaryconstruir.com\/en\/ueber-mich\/","og_locale":"en_US","og_type":"article","og_title":"\u00dcber mich - Dorothee von St\u00f6sser","og_description":"Hallo, ich bin Dorothee, urspr\u00fcnglich komme ich aus Deutschland, lebe jetzt aber schon seit \u00fcber 15 Jahren in Ecuador, wo ich nach einem Freiwilligendienst 2008\/2009 geblieben bin, um Psychologie zu studieren und mein Leben zu gestalten. Hier habe ich an verschiedenen staatlichen und privaten Einrichtungen als klinische Psychologin gearbeitet. Meine Schwerpunkte lagen dabei immer bei [&hellip;]","og_url":"https:\/\/dialogaryconstruir.com\/en\/ueber-mich\/","og_site_name":"Dorothee von St\u00f6sser","article_modified_time":"2024-03-22T09:27:54+00:00","og_image":[{"url":"https:\/\/dialogaryconstruir.com\/wp-content\/uploads\/MG_6257-1024x717.jpg","type":"","width":"","height":""}],"twitter_card":"summary_large_image","twitter_misc":{"Est. reading time":"3 minutes"},"schema":{"@context":"https:\/\/schema.org","@graph":[{"@type":"WebPage","@id":"https:\/\/dialogaryconstruir.com\/ueber-mich\/","url":"https:\/\/dialogaryconstruir.com\/ueber-mich\/","name":"\u00dcber mich - Dorothee von St\u00f6sser","isPartOf":{"@id":"https:\/\/dialogaryconstruir.com\/#website"},"primaryImageOfPage":{"@id":"https:\/\/dialogaryconstruir.com\/ueber-mich\/#primaryimage"},"image":{"@id":"https:\/\/dialogaryconstruir.com\/ueber-mich\/#primaryimage"},"thumbnailUrl":"https:\/\/dialogaryconstruir.com\/wp-content\/uploads\/MG_6257-1024x717.jpg","datePublished":"2024-03-21T13:30:13+00:00","dateModified":"2024-03-22T09:27:54+00:00","breadcrumb":{"@id":"https:\/\/dialogaryconstruir.com\/ueber-mich\/#breadcrumb"},"inLanguage":"en-US","potentialAction":[{"@type":"ReadAction","target":["https:\/\/dialogaryconstruir.com\/ueber-mich\/"]}]},{"@type":"ImageObject","inLanguage":"en-US","@id":"https:\/\/dialogaryconstruir.com\/ueber-mich\/#primaryimage","url":"https:\/\/dialogaryconstruir.com\/wp-content\/uploads\/MG_6257-1024x717.jpg","contentUrl":"https:\/\/dialogaryconstruir.com\/wp-content\/uploads\/MG_6257-1024x717.jpg"},{"@type":"BreadcrumbList","@id":"https:\/\/dialogaryconstruir.com\/ueber-mich\/#breadcrumb","itemListElement":[{"@type":"ListItem","position":1,"name":"Startseite","item":"https:\/\/dialogaryconstruir.com\/"},{"@type":"ListItem","position":2,"name":"\u00dcber mich"}]},{"@type":"WebSite","@id":"https:\/\/dialogaryconstruir.com\/#website","url":"https:\/\/dialogaryconstruir.com\/","name":"Dorothee von St\u00f6sser","description":"Psychologische Onlineberatung","publisher":{"@id":"https:\/\/dialogaryconstruir.com\/#organization"},"potentialAction":[{"@type":"SearchAction","target":{"@type":"EntryPoint","urlTemplate":"https:\/\/dialogaryconstruir.com\/?s={search_term_string}"},"query-input":{"@type":"PropertyValueSpecification","valueRequired":true,"valueName":"search_term_string"}}],"inLanguage":"en-US"},{"@type":"Organization","@id":"https:\/\/dialogaryconstruir.com\/#organization","name":"Dorothee von St\u00f6sser","url":"https:\/\/dialogaryconstruir.com\/","logo":{"@type":"ImageObject","inLanguage":"en-US","@id":"https:\/\/dialogaryconstruir.com\/#\/schema\/logo\/image\/","url":"https:\/\/dialogaryconstruir.com\/wp-content\/uploads\/LogoII.png","contentUrl":"https:\/\/dialogaryconstruir.com\/wp-content\/uploads\/LogoII.png","width":659,"height":265,"caption":"Dorothee von St\u00f6sser"},"image":{"@id":"https:\/\/dialogaryconstruir.com\/#\/schema\/logo\/image\/"}}]}},"_links":{"self":[{"href":"https:\/\/dialogaryconstruir.com\/en\/wp-json\/wp\/v2\/pages\/65","targetHints":{"allow":["GET"]}}],"collection":[{"href":"https:\/\/dialogaryconstruir.com\/en\/wp-json\/wp\/v2\/pages"}],"about":[{"href":"https:\/\/dialogaryconstruir.com\/en\/wp-json\/wp\/v2\/types\/page"}],"author":[{"embeddable":true,"href":"https:\/\/dialogaryconstruir.com\/en\/wp-json\/wp\/v2\/users\/1"}],"replies":[{"embeddable":true,"href":"https:\/\/dialogaryconstruir.com\/en\/wp-json\/wp\/v2\/comments?post=65"}],"version-history":[{"count":4,"href":"https:\/\/dialogaryconstruir.com\/en\/wp-json\/wp\/v2\/pages\/65\/revisions"}],"predecessor-version":[{"id":300,"href":"https:\/\/dialogaryconstruir.com\/en\/wp-json\/wp\/v2\/pages\/65\/revisions\/300"}],"wp:attachment":[{"href":"https:\/\/dialogaryconstruir.com\/en\/wp-json\/wp\/v2\/media?parent=65"}],"curies":[{"name":"wp","href":"https:\/\/api.w.org\/{rel}","templated":true}]}}