{"id":22,"date":"2024-03-12T15:54:23","date_gmt":"2024-03-12T15:54:23","guid":{"rendered":"https:\/\/beziehungs-klarheit.de\/?page_id=22"},"modified":"2024-05-07T17:26:03","modified_gmt":"2024-05-07T17:26:03","slug":"datenschutz-social-media","status":"publish","type":"page","link":"https:\/\/dialogaryconstruir.com\/en\/datenschutz-social-media\/","title":{"rendered":"Data protection social media"},"content":{"rendered":"<div class=\"elementor-element elementor-element-678d5215 elementor-widget elementor-widget-theme-post-title elementor-page-title elementor-widget-heading\" data-id=\"678d5215\" data-element_type=\"widget\" data-widget_type=\"theme-post-title.default\">\n<div class=\"elementor-widget-container\">\n<h3 class=\"elementor-heading-title elementor-size-default\">Data processing social media<\/h3>\n<\/div>\n<\/div>\n<div class=\"elementor-element elementor-element-5251413b elementor-widget elementor-widget-theme-post-content\" data-id=\"5251413b\" data-element_type=\"widget\" data-widget_type=\"theme-post-content.default\">\n<div class=\"elementor-widget-container\">\n<div class=\"p-4 bg-background-blue max-h-[50vh] overflow-x-hidden overflow-y-auto\">\n<div class=\"html-preview\">\n<h3>Our social media presence<\/h3>\n<h4>This privacy policy applies to the following social media sites<\/h4>\n<ul>\n<li>https:\/\/web.facebook.com\/DorotheeStoesser\/<\/li>\n<li>https:\/\/www.instagram.com\/dialogar_y_construir?igsh=MTNsZ2FsaHRhdXpqOA==<\/li>\n<\/ul>\n<h4>Data processing by social networks<\/h4>\n<p>We maintain publicly accessible profiles in social networks. The individual social networks we use are listed below.<\/p>\n<p>Social networks such as Facebook, Twitter etc. can generally analyze your user behavior comprehensively when you visit their website or a website with integrated social media content (e.g. like buttons or advertising banners). Visiting our social media presences triggers numerous data protection-relevant processing operations. In detail:<\/p>\n<p>If you are logged into your social media account and visit our social media presence, the operator of the social media portal can assign this visit to your user account. However, your personal data may also be collected if you are not logged in or do not have an account with the respective social media portal. In this case, this data is collected, for example, via cookies that are stored on your device or by recording your IP address.<\/p>\n<p>With the help of the data collected in this way, the operators of the social media portals can create user profiles in which your preferences and interests are stored. In this way, interest-based advertising can be displayed to you inside and outside the respective social media presence. If you have an account with the respective social network, the interest-based advertising can be displayed on all devices on which you are logged in or have been logged in.<\/p>\n<p>Please also note that we cannot track all processing operations on the social media portals. Depending on the provider, further processing operations may therefore be carried out by the operators of the social media portals. For details, please refer to the terms of use and data protection provisions of the respective social media portals.<\/p>\n<h4>Legal basis<\/h4>\n<p>Our social media presences are intended to ensure the widest possible presence on the Internet. This is a legitimate interest within the meaning of Art. 6 para. 1 lit. f GDPR. The analysis processes initiated by the social networks may be based on different legal bases, which must be specified by the operators of the social networks (e.g. consent within the meaning of Art. 6 para. 1 lit. a GDPR).<\/p>\n<h4>Responsible party and assertion of rights<\/h4>\n<p>If you visit one of our social media sites (e.g. Facebook), we are jointly responsible with the operator of the social media platform for the data processing operations triggered during this visit. You can assert your rights (information, rectification, erasure, restriction of processing, data portability and complaint) both against us and against the operator of the respective social media portal (e.g. Facebook).<\/p>\n<p>Please note that, despite our joint responsibility with the social media portal operators, we do not have full control over the data processing operations of the social media portals. Our options are largely determined by the corporate policy of the respective provider.<\/p>\n<h4>Storage duration<\/h4>\n<p>The data collected directly by us via the social media presence will be deleted from our systems as soon as you ask us to delete it, revoke your consent to storage or the purpose for data storage no longer applies. Stored cookies remain on your end device until you delete them. Mandatory statutory provisions - in particular retention periods - remain unaffected.<\/p>\n<p>We have no influence on the storage period of your data that is stored by the operators of the social networks for their own purposes. For details, please contact the operators of the social networks directly (e.g. in their privacy policy, see below).<\/p>\n<h4>Your rights<\/h4>\n<p>You have the right to receive information about the origin, recipient and purpose of your stored personal data free of charge at any time. You also have the right to object, the right to data portability and the right to lodge a complaint with the competent supervisory authority. Furthermore, you can request the correction, blocking, deletion and, under certain circumstances, the restriction of the processing of your personal data.<\/p>\n<h4>Social networks in detail<\/h4>\n<h5>Facebook<\/h5>\n<p>We have a profile on Facebook. The provider of this service is Meta Platforms Ireland Limited, 4 Grand Canal Square, Grand Canal Harbour, Dublin 2, Ireland (hereinafter referred to as Meta). According to Meta, the data collected is also transferred to the USA and other third countries.<\/p>\n<p>We have entered into a joint processing agreement (Controller Addendum) with Meta. This agreement specifies which data processing operations we or Meta are responsible for when you visit our Facebook page. You can view this agreement at the following link\u00a0<a href=\"https:\/\/www.facebook.com\/legal\/terms\/page_controller_addendum\" target=\"_blank\" rel=\"noopener noreferrer\">https:\/\/www.facebook.com\/legal\/terms\/page_controller_addendum<\/a>.<\/p>\n<p><strong>You can adjust your advertising settings yourself in your user account. To do this, click on the following link and log in:<\/strong>\u00a0<a href=\"https:\/\/www.facebook.com\/settings?tab=ads\" target=\"_blank\" rel=\"noopener noreferrer\">https:\/\/www.facebook.com\/settings?tab=ads<\/a>.<\/p>\n<p>Data transfer to the USA is based on the standard contractual clauses of the EU Commission. You can find details here:\u00a0<a href=\"https:\/\/www.facebook.com\/legal\/EU_data_transfer_addendum\" target=\"_blank\" rel=\"noopener noreferrer\">https:\/\/www.facebook.com\/legal\/EU_data_transfer_addendum<\/a>\u00a0and\u00a0<a href=\"https:\/\/de-de.facebook.com\/help\/566994660333381\" target=\"_blank\" rel=\"noopener noreferrer\">https:\/\/de-de.facebook.com\/help\/566994660333381<\/a>.<\/p>\n<p>Details can be found in Facebook's privacy policy:\u00a0<a href=\"https:\/\/www.facebook.com\/about\/privacy\/\" target=\"_blank\" rel=\"noopener noreferrer\">https:\/\/www.facebook.com\/about\/privacy\/<\/a>.<\/p>\n<h5>Instagram<\/h5>\n<p>We have a profile on Instagram. The provider of this service is Meta Platforms Ireland Limited, 4 Grand Canal Square, Grand Canal Harbour, Dublin 2, Ireland.<\/p>\n<p>Data transfer to the USA is based on the standard contractual clauses of the EU Commission. You can find details here:\u00a0<a href=\"https:\/\/www.facebook.com\/legal\/EU_data_transfer_addendum\" target=\"_blank\" rel=\"noopener noreferrer\">https:\/\/www.facebook.com\/legal\/EU_data_transfer_addendum<\/a>,\u00a0<a href=\"https:\/\/help.instagram.com\/519522125107875\" target=\"_blank\" rel=\"noopener noreferrer\">https:\/\/help.instagram.com\/519522125107875<\/a>\u00a0and\u00a0<a href=\"https:\/\/de-de.facebook.com\/help\/566994660333381\" target=\"_blank\" rel=\"noopener noreferrer\">https:\/\/de-de.facebook.com\/help\/566994660333381<\/a>.<\/p>\n<p>Details on how they handle your personal data can be found in Instagram's privacy policy:\u00a0<a href=\"https:\/\/help.instagram.com\/519522125107875\" target=\"_blank\" rel=\"noopener noreferrer\">https:\/\/help.instagram.com\/519522125107875<\/a>.<\/p>\n<\/div>\n<\/div>\n<\/div>\n<\/div>","protected":false},"excerpt":{"rendered":"<p>Datenverarbeitung Social Media Unsere Social-Media-Auftritte Diese Datenschutzerkl\u00e4rung gilt f\u00fcr folgende Social-Media-Auftritte https:\/\/web.facebook.com\/DorotheeStoesser\/ https:\/\/www.instagram.com\/dialogar_y_construir?igsh=MTNsZ2FsaHRhdXpqOA== Datenverarbeitung durch soziale Netzwerke Wir unterhalten \u00f6ffentlich zug\u00e4ngliche Profile in sozialen Netzwerken. Die im Einzelnen von uns genutzten sozialen Netzwerke finden Sie weiter unten. Soziale Netzwerke wie Facebook, Twitter etc. k\u00f6nnen Ihr Nutzerverhalten in der Regel umfassend analysieren, wenn Sie deren Website [&hellip;]<\/p>","protected":false},"author":1,"featured_media":0,"parent":0,"menu_order":0,"comment_status":"closed","ping_status":"closed","template":"","meta":{"footnotes":""},"class_list":["post-22","page","type-page","status-publish","hentry"],"yoast_head":"<!-- This site is optimized with the Yoast SEO plugin v27.3 - https:\/\/yoast.com\/product\/yoast-seo-wordpress\/ -->\n<title>Datenschutz Social Media - Dorothee von St\u00f6sser<\/title>\n<meta name=\"robots\" content=\"index, follow, max-snippet:-1, max-image-preview:large, max-video-preview:-1\" \/>\n<link rel=\"canonical\" href=\"https:\/\/dialogaryconstruir.com\/en\/datenschutz-social-media\/\" \/>\n<meta property=\"og:locale\" content=\"en_US\" \/>\n<meta property=\"og:type\" content=\"article\" \/>\n<meta property=\"og:title\" content=\"Datenschutz Social Media - Dorothee von St\u00f6sser\" \/>\n<meta property=\"og:description\" content=\"Datenverarbeitung Social Media Unsere Social-Media-Auftritte Diese Datenschutzerkl\u00e4rung gilt f\u00fcr folgende Social-Media-Auftritte https:\/\/web.facebook.com\/DorotheeStoesser\/ https:\/\/www.instagram.com\/dialogar_y_construir?igsh=MTNsZ2FsaHRhdXpqOA== Datenverarbeitung durch soziale Netzwerke Wir unterhalten \u00f6ffentlich zug\u00e4ngliche Profile in sozialen Netzwerken. Die im Einzelnen von uns genutzten sozialen Netzwerke finden Sie weiter unten. Soziale Netzwerke wie Facebook, Twitter etc. k\u00f6nnen Ihr Nutzerverhalten in der Regel umfassend analysieren, wenn Sie deren Website [&hellip;]\" \/>\n<meta property=\"og:url\" content=\"https:\/\/dialogaryconstruir.com\/en\/datenschutz-social-media\/\" \/>\n<meta property=\"og:site_name\" content=\"Dorothee von St\u00f6sser\" \/>\n<meta property=\"article:modified_time\" content=\"2024-05-07T17:26:03+00:00\" \/>\n<meta name=\"twitter:card\" content=\"summary_large_image\" \/>\n<meta name=\"twitter:label1\" content=\"Est. reading time\" \/>\n\t<meta name=\"twitter:data1\" content=\"4 minutes\" \/>\n<script type=\"application\/ld+json\" class=\"yoast-schema-graph\">{\"@context\":\"https:\\\/\\\/schema.org\",\"@graph\":[{\"@type\":\"WebPage\",\"@id\":\"https:\\\/\\\/dialogaryconstruir.com\\\/datenschutz-social-media\\\/\",\"url\":\"https:\\\/\\\/dialogaryconstruir.com\\\/datenschutz-social-media\\\/\",\"name\":\"Datenschutz Social Media - Dorothee von St\u00f6sser\",\"isPartOf\":{\"@id\":\"https:\\\/\\\/dialogaryconstruir.com\\\/#website\"},\"datePublished\":\"2024-03-12T15:54:23+00:00\",\"dateModified\":\"2024-05-07T17:26:03+00:00\",\"breadcrumb\":{\"@id\":\"https:\\\/\\\/dialogaryconstruir.com\\\/datenschutz-social-media\\\/#breadcrumb\"},\"inLanguage\":\"en-US\",\"potentialAction\":[{\"@type\":\"ReadAction\",\"target\":[\"https:\\\/\\\/dialogaryconstruir.com\\\/datenschutz-social-media\\\/\"]}]},{\"@type\":\"BreadcrumbList\",\"@id\":\"https:\\\/\\\/dialogaryconstruir.com\\\/datenschutz-social-media\\\/#breadcrumb\",\"itemListElement\":[{\"@type\":\"ListItem\",\"position\":1,\"name\":\"Startseite\",\"item\":\"https:\\\/\\\/dialogaryconstruir.com\\\/\"},{\"@type\":\"ListItem\",\"position\":2,\"name\":\"Datenschutz Social Media\"}]},{\"@type\":\"WebSite\",\"@id\":\"https:\\\/\\\/dialogaryconstruir.com\\\/#website\",\"url\":\"https:\\\/\\\/dialogaryconstruir.com\\\/\",\"name\":\"Dorothee von St\u00f6sser\",\"description\":\"Psychologische Onlineberatung\",\"publisher\":{\"@id\":\"https:\\\/\\\/dialogaryconstruir.com\\\/#organization\"},\"potentialAction\":[{\"@type\":\"SearchAction\",\"target\":{\"@type\":\"EntryPoint\",\"urlTemplate\":\"https:\\\/\\\/dialogaryconstruir.com\\\/?s={search_term_string}\"},\"query-input\":{\"@type\":\"PropertyValueSpecification\",\"valueRequired\":true,\"valueName\":\"search_term_string\"}}],\"inLanguage\":\"en-US\"},{\"@type\":\"Organization\",\"@id\":\"https:\\\/\\\/dialogaryconstruir.com\\\/#organization\",\"name\":\"Dorothee von St\u00f6sser\",\"url\":\"https:\\\/\\\/dialogaryconstruir.com\\\/\",\"logo\":{\"@type\":\"ImageObject\",\"inLanguage\":\"en-US\",\"@id\":\"https:\\\/\\\/dialogaryconstruir.com\\\/#\\\/schema\\\/logo\\\/image\\\/\",\"url\":\"https:\\\/\\\/dialogaryconstruir.com\\\/wp-content\\\/uploads\\\/LogoII.png\",\"contentUrl\":\"https:\\\/\\\/dialogaryconstruir.com\\\/wp-content\\\/uploads\\\/LogoII.png\",\"width\":659,\"height\":265,\"caption\":\"Dorothee von St\u00f6sser\"},\"image\":{\"@id\":\"https:\\\/\\\/dialogaryconstruir.com\\\/#\\\/schema\\\/logo\\\/image\\\/\"}}]}<\/script>\n<!-- \/ Yoast SEO plugin. -->","yoast_head_json":{"title":"Datenschutz Social Media - Dorothee von St\u00f6sser","robots":{"index":"index","follow":"follow","max-snippet":"max-snippet:-1","max-image-preview":"max-image-preview:large","max-video-preview":"max-video-preview:-1"},"canonical":"https:\/\/dialogaryconstruir.com\/en\/datenschutz-social-media\/","og_locale":"en_US","og_type":"article","og_title":"Datenschutz Social Media - Dorothee von St\u00f6sser","og_description":"Datenverarbeitung Social Media Unsere Social-Media-Auftritte Diese Datenschutzerkl\u00e4rung gilt f\u00fcr folgende Social-Media-Auftritte https:\/\/web.facebook.com\/DorotheeStoesser\/ https:\/\/www.instagram.com\/dialogar_y_construir?igsh=MTNsZ2FsaHRhdXpqOA== Datenverarbeitung durch soziale Netzwerke Wir unterhalten \u00f6ffentlich zug\u00e4ngliche Profile in sozialen Netzwerken. Die im Einzelnen von uns genutzten sozialen Netzwerke finden Sie weiter unten. Soziale Netzwerke wie Facebook, Twitter etc. k\u00f6nnen Ihr Nutzerverhalten in der Regel umfassend analysieren, wenn Sie deren Website [&hellip;]","og_url":"https:\/\/dialogaryconstruir.com\/en\/datenschutz-social-media\/","og_site_name":"Dorothee von St\u00f6sser","article_modified_time":"2024-05-07T17:26:03+00:00","twitter_card":"summary_large_image","twitter_misc":{"Est. reading time":"4 minutes"},"schema":{"@context":"https:\/\/schema.org","@graph":[{"@type":"WebPage","@id":"https:\/\/dialogaryconstruir.com\/datenschutz-social-media\/","url":"https:\/\/dialogaryconstruir.com\/datenschutz-social-media\/","name":"Datenschutz Social Media - Dorothee von St\u00f6sser","isPartOf":{"@id":"https:\/\/dialogaryconstruir.com\/#website"},"datePublished":"2024-03-12T15:54:23+00:00","dateModified":"2024-05-07T17:26:03+00:00","breadcrumb":{"@id":"https:\/\/dialogaryconstruir.com\/datenschutz-social-media\/#breadcrumb"},"inLanguage":"en-US","potentialAction":[{"@type":"ReadAction","target":["https:\/\/dialogaryconstruir.com\/datenschutz-social-media\/"]}]},{"@type":"BreadcrumbList","@id":"https:\/\/dialogaryconstruir.com\/datenschutz-social-media\/#breadcrumb","itemListElement":[{"@type":"ListItem","position":1,"name":"Startseite","item":"https:\/\/dialogaryconstruir.com\/"},{"@type":"ListItem","position":2,"name":"Datenschutz Social Media"}]},{"@type":"WebSite","@id":"https:\/\/dialogaryconstruir.com\/#website","url":"https:\/\/dialogaryconstruir.com\/","name":"Dorothee von St\u00f6sser","description":"Psychologische Onlineberatung","publisher":{"@id":"https:\/\/dialogaryconstruir.com\/#organization"},"potentialAction":[{"@type":"SearchAction","target":{"@type":"EntryPoint","urlTemplate":"https:\/\/dialogaryconstruir.com\/?s={search_term_string}"},"query-input":{"@type":"PropertyValueSpecification","valueRequired":true,"valueName":"search_term_string"}}],"inLanguage":"en-US"},{"@type":"Organization","@id":"https:\/\/dialogaryconstruir.com\/#organization","name":"Dorothee von St\u00f6sser","url":"https:\/\/dialogaryconstruir.com\/","logo":{"@type":"ImageObject","inLanguage":"en-US","@id":"https:\/\/dialogaryconstruir.com\/#\/schema\/logo\/image\/","url":"https:\/\/dialogaryconstruir.com\/wp-content\/uploads\/LogoII.png","contentUrl":"https:\/\/dialogaryconstruir.com\/wp-content\/uploads\/LogoII.png","width":659,"height":265,"caption":"Dorothee von St\u00f6sser"},"image":{"@id":"https:\/\/dialogaryconstruir.com\/#\/schema\/logo\/image\/"}}]}},"_links":{"self":[{"href":"https:\/\/dialogaryconstruir.com\/en\/wp-json\/wp\/v2\/pages\/22","targetHints":{"allow":["GET"]}}],"collection":[{"href":"https:\/\/dialogaryconstruir.com\/en\/wp-json\/wp\/v2\/pages"}],"about":[{"href":"https:\/\/dialogaryconstruir.com\/en\/wp-json\/wp\/v2\/types\/page"}],"author":[{"embeddable":true,"href":"https:\/\/dialogaryconstruir.com\/en\/wp-json\/wp\/v2\/users\/1"}],"replies":[{"embeddable":true,"href":"https:\/\/dialogaryconstruir.com\/en\/wp-json\/wp\/v2\/comments?post=22"}],"version-history":[{"count":4,"href":"https:\/\/dialogaryconstruir.com\/en\/wp-json\/wp\/v2\/pages\/22\/revisions"}],"predecessor-version":[{"id":451,"href":"https:\/\/dialogaryconstruir.com\/en\/wp-json\/wp\/v2\/pages\/22\/revisions\/451"}],"wp:attachment":[{"href":"https:\/\/dialogaryconstruir.com\/en\/wp-json\/wp\/v2\/media?parent=22"}],"curies":[{"name":"wp","href":"https:\/\/api.w.org\/{rel}","templated":true}]}}