{"id":10,"date":"2024-03-12T06:36:40","date_gmt":"2024-03-12T06:36:40","guid":{"rendered":"https:\/\/beziehungs-klarheit.de\/?page_id=10"},"modified":"2025-11-10T16:33:53","modified_gmt":"2025-11-10T16:33:53","slug":"disclaimer","status":"publish","type":"page","link":"https:\/\/dialogaryconstruir.com\/en\/disclaimer\/","title":{"rendered":"Disclaimer"},"content":{"rendered":"<p><strong>Responsible (Information according to German \u00a7 5 TMG)<\/strong><\/p>\r\n<p>Dorothee von St\u00f6sser<br \/>\r\nPasaje Pillagua\u00a0D1-31<\/p>\r\n<p>170902 Quito, Ecuador<\/p>\r\n<p>Phone: +593988193254<br \/>\r\nE-Mail: Info@dialogaryconstruir.com<\/p>\r\n<p><strong>Tax ID<\/strong><\/p>\r\n<p>Servicio de Rentas Internas Ecuador (SRI)<\/p>\r\n<p>Sales tax identification number according to Ecuadorian law for the uniform registration of taxable persons - RUC (Registro \u00danico del Contribuyente): 1752551315001<\/p>\r\n<p><strong>Job title<\/strong><\/p>\r\n<p>Professional title: Psic\u00f3loga Cl\u00ednica (Clinical Psychologist)<br \/>\r\nAwarded by\/on: Pontificia Universidad Cat\u00f3lica del Ecuador\/ 07.01.2016<\/p>\r\n<p>Competent supervisory authority: Secretar\u00eda de Educaci\u00f3n Superior, Ciencia, Tecnolog\u00eda e Innovaci\u00f3n (SENESCYT) - Ecuador<\/p>\r\n<p>Registration No.: 1027-16-1446553 - Sistema Nacional de Informaci\u00f3n de la Educaci\u00f3n Superior del Ecuador (SNIESE)<\/p>\r\n<p><strong>Responsible for the content:<\/strong><\/p>\r\n<p>Dorothee von St\u00f6sser<\/p>\r\n<p><strong><b>Website design and coaching<br \/>\r\n<\/b><\/strong>Claudia H\u00f6nig UG, management consultancy for healthcare professions.\u00a0<a href=\"http:\/\/www.erfolg-in-heilberufen.de\/\">www.erfolg-in-heilberufen.de<\/a><\/p>\r\n<p><strong>Dispute resolution<\/strong><\/p>\r\n<p>We are not willing or obliged to participate in dispute resolution proceedings before a consumer arbitration board.<\/p>\r\n<p><strong>Consumer dispute resolution\/universal arbitration board<\/strong><\/p>\r\n<p>We are not willing or obliged to participate in dispute resolution proceedings before a consumer arbitration board.<\/p>\r\n<p><strong>Liability for content<\/strong><\/p>\r\n<p>As a service provider, we are responsible for our own content on these pages in accordance with Section 7 (1) TMG (German Telemedia Act) and general legislation. According to \u00a7\u00a7 8 to 10 TMG, however, we as a service provider are not obliged to monitor transmitted or stored third-party information or to investigate circumstances that indicate ilegal activity.<\/p>\r\n<p>Obligations to remove or block the use of information in accordance with general legislation remain unaffected by this. However, liability in this respect is only possible from the time we become aware of a specific infringement. As soon as we become aware of such infringements, we will remove this content immediately.<\/p>\r\n<p><strong>Liability for links<\/strong><\/p>\r\n<p>Our website contains links to external third-party websites over whose content we have no influence. Therefore, we cannot accept any liability for this third-party content. The respective provider or operator of the pages is always responsible for the content of the linked pages. The linked pages were checked for possible legal violations at the time of linking. Illegal content was not recognizable at the time of linking.<\/p>\r\n<p>However, permanent monitoring of the content of the linked pages is not reasonable without concrete evidence of an infringement. If we become aware of any legal infringements, we will remove such links immediately.<\/p>\r\n<p><strong>Copyright<\/strong><\/p>\r\n<p>The content and works created by the site operators on these pages are subject to German copyright law. Duplication, processing, distribution and any form of commercialization of such material beyond the scope of the copyright law shall require the prior written consent of its respective author or creator. Downloads and copies of this site are only permitted for private, non-comercial use.<\/p>\r\n<p>Insofar as the content on this site was not created by the operator, the copyrights of third parties are respected. In particular, third-party content is identified as such. Should you nevertheless become aware of a copyright infringement, please inform us accordingly. If we become aware of any infringements, we will remove such content immediately.<\/p>\r\n<p>&nbsp;<\/p>","protected":false},"excerpt":{"rendered":"<p>Angaben gem\u00e4\u00df \u00a7 5 TMG: Dorothee von St\u00f6sser Pasaje Pillagua\u00a0D1-31 170902 Quito, Ecuador Telefon: +593988193254 E-Mail: Info@dialogaryconstruir.com Aufsichtsbeh\u00f6rde: Servicio de Rentas Internas Ecuador (SRI) Umsatzsteuer- Identifikationsnummer nach ecuadorianischem Gesetz zur einheitlichen Erfassung von Steuerpflichtigen &#8211; RUC (Registro \u00danico del Contribuyente): 1752551315001 Berufsbezeichnung Berufsbezeichnung: Psic\u00f3loga Cl\u00ednica (Klinische Psychologin) Verliehen durch\/am: Pontificia Universidad Cat\u00f3lica del Ecuador \/ [&hellip;]<\/p>","protected":false},"author":1,"featured_media":0,"parent":0,"menu_order":0,"comment_status":"closed","ping_status":"closed","template":"","meta":{"footnotes":""},"class_list":["post-10","page","type-page","status-publish","hentry"],"yoast_head":"<!-- This site is optimized with the Yoast SEO plugin v27.3 - https:\/\/yoast.com\/product\/yoast-seo-wordpress\/ -->\n<title>Impressum - Dorothee von St\u00f6sser<\/title>\n<meta name=\"robots\" content=\"index, follow, max-snippet:-1, max-image-preview:large, max-video-preview:-1\" \/>\n<link rel=\"canonical\" href=\"https:\/\/dialogaryconstruir.com\/en\/disclaimer\/\" \/>\n<meta property=\"og:locale\" content=\"en_US\" \/>\n<meta property=\"og:type\" content=\"article\" \/>\n<meta property=\"og:title\" content=\"Impressum - Dorothee von St\u00f6sser\" \/>\n<meta property=\"og:description\" content=\"Angaben gem\u00e4\u00df \u00a7 5 TMG: Dorothee von St\u00f6sser Pasaje Pillagua\u00a0D1-31 170902 Quito, Ecuador Telefon: +593988193254 E-Mail: Info@dialogaryconstruir.com Aufsichtsbeh\u00f6rde: Servicio de Rentas Internas Ecuador (SRI) Umsatzsteuer- Identifikationsnummer nach ecuadorianischem Gesetz zur einheitlichen Erfassung von Steuerpflichtigen &#8211; RUC (Registro \u00danico del Contribuyente): 1752551315001 Berufsbezeichnung Berufsbezeichnung: Psic\u00f3loga Cl\u00ednica (Klinische Psychologin) Verliehen durch\/am: Pontificia Universidad Cat\u00f3lica del Ecuador \/ [&hellip;]\" \/>\n<meta property=\"og:url\" content=\"https:\/\/dialogaryconstruir.com\/en\/disclaimer\/\" \/>\n<meta property=\"og:site_name\" content=\"Dorothee von St\u00f6sser\" \/>\n<meta property=\"article:modified_time\" content=\"2025-11-10T16:33:53+00:00\" \/>\n<meta name=\"twitter:card\" content=\"summary_large_image\" \/>\n<meta name=\"twitter:label1\" content=\"Est. reading time\" \/>\n\t<meta name=\"twitter:data1\" content=\"3 minutes\" \/>\n<script type=\"application\/ld+json\" class=\"yoast-schema-graph\">{\"@context\":\"https:\\\/\\\/schema.org\",\"@graph\":[{\"@type\":\"WebPage\",\"@id\":\"https:\\\/\\\/dialogaryconstruir.com\\\/impressum\\\/\",\"url\":\"https:\\\/\\\/dialogaryconstruir.com\\\/impressum\\\/\",\"name\":\"Impressum - Dorothee von St\u00f6sser\",\"isPartOf\":{\"@id\":\"https:\\\/\\\/dialogaryconstruir.com\\\/#website\"},\"datePublished\":\"2024-03-12T06:36:40+00:00\",\"dateModified\":\"2025-11-10T16:33:53+00:00\",\"breadcrumb\":{\"@id\":\"https:\\\/\\\/dialogaryconstruir.com\\\/impressum\\\/#breadcrumb\"},\"inLanguage\":\"en-US\",\"potentialAction\":[{\"@type\":\"ReadAction\",\"target\":[\"https:\\\/\\\/dialogaryconstruir.com\\\/impressum\\\/\"]}]},{\"@type\":\"BreadcrumbList\",\"@id\":\"https:\\\/\\\/dialogaryconstruir.com\\\/impressum\\\/#breadcrumb\",\"itemListElement\":[{\"@type\":\"ListItem\",\"position\":1,\"name\":\"Startseite\",\"item\":\"https:\\\/\\\/dialogaryconstruir.com\\\/\"},{\"@type\":\"ListItem\",\"position\":2,\"name\":\"Impressum\"}]},{\"@type\":\"WebSite\",\"@id\":\"https:\\\/\\\/dialogaryconstruir.com\\\/#website\",\"url\":\"https:\\\/\\\/dialogaryconstruir.com\\\/\",\"name\":\"Dorothee von St\u00f6sser\",\"description\":\"Psychologische Onlineberatung\",\"publisher\":{\"@id\":\"https:\\\/\\\/dialogaryconstruir.com\\\/#organization\"},\"potentialAction\":[{\"@type\":\"SearchAction\",\"target\":{\"@type\":\"EntryPoint\",\"urlTemplate\":\"https:\\\/\\\/dialogaryconstruir.com\\\/?s={search_term_string}\"},\"query-input\":{\"@type\":\"PropertyValueSpecification\",\"valueRequired\":true,\"valueName\":\"search_term_string\"}}],\"inLanguage\":\"en-US\"},{\"@type\":\"Organization\",\"@id\":\"https:\\\/\\\/dialogaryconstruir.com\\\/#organization\",\"name\":\"Dorothee von St\u00f6sser\",\"url\":\"https:\\\/\\\/dialogaryconstruir.com\\\/\",\"logo\":{\"@type\":\"ImageObject\",\"inLanguage\":\"en-US\",\"@id\":\"https:\\\/\\\/dialogaryconstruir.com\\\/#\\\/schema\\\/logo\\\/image\\\/\",\"url\":\"https:\\\/\\\/dialogaryconstruir.com\\\/wp-content\\\/uploads\\\/LogoII.png\",\"contentUrl\":\"https:\\\/\\\/dialogaryconstruir.com\\\/wp-content\\\/uploads\\\/LogoII.png\",\"width\":659,\"height\":265,\"caption\":\"Dorothee von St\u00f6sser\"},\"image\":{\"@id\":\"https:\\\/\\\/dialogaryconstruir.com\\\/#\\\/schema\\\/logo\\\/image\\\/\"}}]}<\/script>\n<!-- \/ Yoast SEO plugin. -->","yoast_head_json":{"title":"Impressum - Dorothee von St\u00f6sser","robots":{"index":"index","follow":"follow","max-snippet":"max-snippet:-1","max-image-preview":"max-image-preview:large","max-video-preview":"max-video-preview:-1"},"canonical":"https:\/\/dialogaryconstruir.com\/en\/disclaimer\/","og_locale":"en_US","og_type":"article","og_title":"Impressum - Dorothee von St\u00f6sser","og_description":"Angaben gem\u00e4\u00df \u00a7 5 TMG: Dorothee von St\u00f6sser Pasaje Pillagua\u00a0D1-31 170902 Quito, Ecuador Telefon: +593988193254 E-Mail: Info@dialogaryconstruir.com Aufsichtsbeh\u00f6rde: Servicio de Rentas Internas Ecuador (SRI) Umsatzsteuer- Identifikationsnummer nach ecuadorianischem Gesetz zur einheitlichen Erfassung von Steuerpflichtigen &#8211; RUC (Registro \u00danico del Contribuyente): 1752551315001 Berufsbezeichnung Berufsbezeichnung: Psic\u00f3loga Cl\u00ednica (Klinische Psychologin) Verliehen durch\/am: Pontificia Universidad Cat\u00f3lica del Ecuador \/ [&hellip;]","og_url":"https:\/\/dialogaryconstruir.com\/en\/disclaimer\/","og_site_name":"Dorothee von St\u00f6sser","article_modified_time":"2025-11-10T16:33:53+00:00","twitter_card":"summary_large_image","twitter_misc":{"Est. reading time":"3 minutes"},"schema":{"@context":"https:\/\/schema.org","@graph":[{"@type":"WebPage","@id":"https:\/\/dialogaryconstruir.com\/impressum\/","url":"https:\/\/dialogaryconstruir.com\/impressum\/","name":"Impressum - Dorothee von St\u00f6sser","isPartOf":{"@id":"https:\/\/dialogaryconstruir.com\/#website"},"datePublished":"2024-03-12T06:36:40+00:00","dateModified":"2025-11-10T16:33:53+00:00","breadcrumb":{"@id":"https:\/\/dialogaryconstruir.com\/impressum\/#breadcrumb"},"inLanguage":"en-US","potentialAction":[{"@type":"ReadAction","target":["https:\/\/dialogaryconstruir.com\/impressum\/"]}]},{"@type":"BreadcrumbList","@id":"https:\/\/dialogaryconstruir.com\/impressum\/#breadcrumb","itemListElement":[{"@type":"ListItem","position":1,"name":"Startseite","item":"https:\/\/dialogaryconstruir.com\/"},{"@type":"ListItem","position":2,"name":"Impressum"}]},{"@type":"WebSite","@id":"https:\/\/dialogaryconstruir.com\/#website","url":"https:\/\/dialogaryconstruir.com\/","name":"Dorothee von St\u00f6sser","description":"Psychologische Onlineberatung","publisher":{"@id":"https:\/\/dialogaryconstruir.com\/#organization"},"potentialAction":[{"@type":"SearchAction","target":{"@type":"EntryPoint","urlTemplate":"https:\/\/dialogaryconstruir.com\/?s={search_term_string}"},"query-input":{"@type":"PropertyValueSpecification","valueRequired":true,"valueName":"search_term_string"}}],"inLanguage":"en-US"},{"@type":"Organization","@id":"https:\/\/dialogaryconstruir.com\/#organization","name":"Dorothee von St\u00f6sser","url":"https:\/\/dialogaryconstruir.com\/","logo":{"@type":"ImageObject","inLanguage":"en-US","@id":"https:\/\/dialogaryconstruir.com\/#\/schema\/logo\/image\/","url":"https:\/\/dialogaryconstruir.com\/wp-content\/uploads\/LogoII.png","contentUrl":"https:\/\/dialogaryconstruir.com\/wp-content\/uploads\/LogoII.png","width":659,"height":265,"caption":"Dorothee von St\u00f6sser"},"image":{"@id":"https:\/\/dialogaryconstruir.com\/#\/schema\/logo\/image\/"}}]}},"_links":{"self":[{"href":"https:\/\/dialogaryconstruir.com\/en\/wp-json\/wp\/v2\/pages\/10","targetHints":{"allow":["GET"]}}],"collection":[{"href":"https:\/\/dialogaryconstruir.com\/en\/wp-json\/wp\/v2\/pages"}],"about":[{"href":"https:\/\/dialogaryconstruir.com\/en\/wp-json\/wp\/v2\/types\/page"}],"author":[{"embeddable":true,"href":"https:\/\/dialogaryconstruir.com\/en\/wp-json\/wp\/v2\/users\/1"}],"replies":[{"embeddable":true,"href":"https:\/\/dialogaryconstruir.com\/en\/wp-json\/wp\/v2\/comments?post=10"}],"version-history":[{"count":8,"href":"https:\/\/dialogaryconstruir.com\/en\/wp-json\/wp\/v2\/pages\/10\/revisions"}],"predecessor-version":[{"id":1311,"href":"https:\/\/dialogaryconstruir.com\/en\/wp-json\/wp\/v2\/pages\/10\/revisions\/1311"}],"wp:attachment":[{"href":"https:\/\/dialogaryconstruir.com\/en\/wp-json\/wp\/v2\/media?parent=10"}],"curies":[{"name":"wp","href":"https:\/\/api.w.org\/{rel}","templated":true}]}}